{"id":29,"date":"2024-05-24T09:20:09","date_gmt":"2024-05-24T07:20:09","guid":{"rendered":"https:\/\/ottchen-und-use.de\/?page_id=29"},"modified":"2025-06-30T12:32:26","modified_gmt":"2025-06-30T10:32:26","slug":"ausstattung","status":"publish","type":"page","link":"https:\/\/ottchen-und-use.de\/en\/ausstattung\/","title":{"rendered":"Facilities"},"content":{"rendered":"<p>The almost 115 m\u00b2 house can accommodate up to six guests in three bedrooms. In the open-plan living area (with Smart TV), a cast-iron stove is installed between the sofa area and dining area for cosy evenings by the fireplace, which can be used if desired. The open-plan kitchen with good equipment (electric cooker with ceramic hob, dishwasher, large fridge, coffee machine) invites you to cook together. Fast WLAN is available throughout the house and on the terraces.<\/p>\n\n\n\n<p>A lockable bicycle room in the outdoor area offers space for bicycles you have brought with you. There is also various garden furniture, its cushions and some beach and garden games.<\/p>\n\n\n\n<div style=\"height:var(--wp--preset--spacing--10)\" aria-hidden=\"true\" class=\"wp-block-spacer\"><\/div>\n\n\n\n<h2 class=\"wp-block-heading has-large-font-size\">First floor plan<\/h2>\n\n\n\n<figure class=\"wp-block-image size-large is-resized\"><img loading=\"lazy\" decoding=\"async\" width=\"1024\" height=\"886\" src=\"https:\/\/ottchen-und-use.de\/wp-content\/uploads\/2024\/07\/2020-04-08_bauantrag_grundriss-eg-dg_Erdgeschoss-2-1024x886.jpg\" alt=\"Ferienhaus in Bergen auf R\u00fcgen \u2013 Grundriss 1\" class=\"wp-image-618\" style=\"width:622px;height:auto\" srcset=\"https:\/\/ottchen-und-use.de\/wp-content\/uploads\/2024\/07\/2020-04-08_bauantrag_grundriss-eg-dg_Erdgeschoss-2-1024x886.jpg 1024w, https:\/\/ottchen-und-use.de\/wp-content\/uploads\/2024\/07\/2020-04-08_bauantrag_grundriss-eg-dg_Erdgeschoss-2-300x259.jpg 300w, https:\/\/ottchen-und-use.de\/wp-content\/uploads\/2024\/07\/2020-04-08_bauantrag_grundriss-eg-dg_Erdgeschoss-2-768x664.jpg 768w, https:\/\/ottchen-und-use.de\/wp-content\/uploads\/2024\/07\/2020-04-08_bauantrag_grundriss-eg-dg_Erdgeschoss-2-14x12.jpg 14w, https:\/\/ottchen-und-use.de\/wp-content\/uploads\/2024\/07\/2020-04-08_bauantrag_grundriss-eg-dg_Erdgeschoss-2.jpg 1162w\" sizes=\"auto, (max-width: 1024px) 100vw, 1024px\" \/><\/figure>\n\n\n\n<div style=\"height:var(--wp--preset--spacing--10)\" aria-hidden=\"true\" class=\"wp-block-spacer\"><\/div>\n\n\n\n<h2 class=\"wp-block-heading has-large-font-size\">Upper floor plan<\/h2>\n\n\n\n<figure class=\"wp-block-image size-large\"><img loading=\"lazy\" decoding=\"async\" width=\"1024\" height=\"833\" src=\"https:\/\/ottchen-und-use.de\/wp-content\/uploads\/2024\/07\/2020-04-08_bauantrag_grundriss-eg-dg_Obergeschoss-1024x833.jpg\" alt=\"Ferienhaus in Bergen auf R\u00fcgen \u2013 Grundriss 2\" class=\"wp-image-619\" srcset=\"https:\/\/ottchen-und-use.de\/wp-content\/uploads\/2024\/07\/2020-04-08_bauantrag_grundriss-eg-dg_Obergeschoss-1024x833.jpg 1024w, https:\/\/ottchen-und-use.de\/wp-content\/uploads\/2024\/07\/2020-04-08_bauantrag_grundriss-eg-dg_Obergeschoss-300x244.jpg 300w, https:\/\/ottchen-und-use.de\/wp-content\/uploads\/2024\/07\/2020-04-08_bauantrag_grundriss-eg-dg_Obergeschoss-768x625.jpg 768w, https:\/\/ottchen-und-use.de\/wp-content\/uploads\/2024\/07\/2020-04-08_bauantrag_grundriss-eg-dg_Obergeschoss-15x12.jpg 15w, https:\/\/ottchen-und-use.de\/wp-content\/uploads\/2024\/07\/2020-04-08_bauantrag_grundriss-eg-dg_Obergeschoss.jpg 1162w\" sizes=\"auto, (max-width: 1024px) 100vw, 1024px\" \/><\/figure>\n\n\n\n<div style=\"height:var(--wp--preset--spacing--10)\" aria-hidden=\"true\" class=\"wp-block-spacer\"><\/div>\n\n\n\n<h3 class=\"wp-block-heading\">The garden - natural and edible<\/h3>\n\n\n\n<p>Our garden, which is partly on a slope, offers plenty of space and is being developed in a natural and edible way. Herbs such as peppermint, thyme, sage, rosemary, lavender etc. and berries (blackcurrants, gooseberries and blackberries) can be picked and tasted. A bee and butterfly-friendly meadow and a flowering fence have already been planted. In addition to the terraces at the house, there is another terrace in the meadow area, which can also be used and should be accessed via the meadow. The old wooden staircase in front of the house - a relic from the former horse stables - can be seen as an art installation and can only be used at your own risk.<\/p>\n\n\n\n<p>Another, separate part of our property is also home to the \"Phantasilie\" nursery, a privately run kindergarten with 12-14 children who enjoy playing in a section of the 7,000 m\u00b2 garden. So you can expect to hear children's laughter from time to time.<\/p>\n\n\n\n<div style=\"height:var(--wp--preset--spacing--10)\" aria-hidden=\"true\" class=\"wp-block-spacer\"><\/div>","protected":false},"excerpt":{"rendered":"<p>Platz in dem knapp 115 m\u00b2 gro\u00dfen Haus finden bis zu sechs G\u00e4ste in drei Schlafzimmern. Im offenen Wohnbereich (mit Smart-TV) ist f\u00fcr gem\u00fctliche Kaminabende zwischen Couchecke und Essbereich ein gusseiserner Ofen installiert, der bei Interesse genutzt werden kann. Die offen gestaltete K\u00fcche mit guter Ausstattung (E-Herd mit Cerankochfeld, Geschirrsp\u00fcler, gro\u00dfer K\u00fchlschrank, Kaffeemaschine) l\u00e4dt zum [&hellip;]<\/p>\n","protected":false},"author":1,"featured_media":0,"parent":0,"menu_order":1,"comment_status":"closed","ping_status":"closed","template":"","meta":{"footnotes":""},"class_list":["post-29","page","type-page","status-publish","hentry"],"_links":{"self":[{"href":"https:\/\/ottchen-und-use.de\/en\/wp-json\/wp\/v2\/pages\/29","targetHints":{"allow":["GET"]}}],"collection":[{"href":"https:\/\/ottchen-und-use.de\/en\/wp-json\/wp\/v2\/pages"}],"about":[{"href":"https:\/\/ottchen-und-use.de\/en\/wp-json\/wp\/v2\/types\/page"}],"author":[{"embeddable":true,"href":"https:\/\/ottchen-und-use.de\/en\/wp-json\/wp\/v2\/users\/1"}],"replies":[{"embeddable":true,"href":"https:\/\/ottchen-und-use.de\/en\/wp-json\/wp\/v2\/comments?post=29"}],"version-history":[{"count":26,"href":"https:\/\/ottchen-und-use.de\/en\/wp-json\/wp\/v2\/pages\/29\/revisions"}],"predecessor-version":[{"id":639,"href":"https:\/\/ottchen-und-use.de\/en\/wp-json\/wp\/v2\/pages\/29\/revisions\/639"}],"wp:attachment":[{"href":"https:\/\/ottchen-und-use.de\/en\/wp-json\/wp\/v2\/media?parent=29"}],"curies":[{"name":"wp","href":"https:\/\/api.w.org\/{rel}","templated":true}]}}