{"id":31,"date":"2024-05-24T09:20:24","date_gmt":"2024-05-24T07:20:24","guid":{"rendered":"https:\/\/ottchen-und-use.de\/?page_id=31"},"modified":"2025-10-15T10:33:26","modified_gmt":"2025-10-15T08:33:26","slug":"anreise","status":"publish","type":"page","link":"https:\/\/ottchen-und-use.de\/en\/anreise\/","title":{"rendered":"How to find us"},"content":{"rendered":"<p>As the centrally located \"island capital\", Bergen auf R\u00fcgen is an ideal starting point for exploring the island. Cycling and hiking tourists in particular can set off on beautiful tours to the many cultural and scenic sights of R\u00fcgen from here.<\/p>\n\n\n\n<p>A car-free journey is easily possible by train. Bergen railway station is about 900 metres away, so you can easily reach us on foot with little luggage. If you have a lot of luggage, we recommend a taxi transfer from Bergen railway station. Of course you can also arrive by car. A parking spot is available for guests on the Raddasblick 2 property in the immediate vicinity.<\/p>\n\n\n\n<div style=\"height:var(--wp--preset--spacing--20)\" aria-hidden=\"true\" class=\"wp-block-spacer\"><\/div>\n\n\n<div tabindex=\"700\" id=\"drdsgvo_map\" class=\"drdsgvo_map\" style=\"height:100%;margin:0:padding:0\"><\/div>\n\n\n\n<div style=\"height:var(--wp--preset--spacing--20)\" aria-hidden=\"true\" class=\"wp-block-spacer\"><\/div>\n\n\n\n<p>If the map is not displayed (correctly), please search for the following address using a map service:<\/p>\n\n\n\n<p><strong>Raddasblick 2, 18528 Bergen auf R\u00fcgen<\/strong><\/p>\n\n\n\n<hr class=\"wp-block-separator has-alpha-channel-opacity is-style-wide\" style=\"margin-top:var(--wp--preset--spacing--30);margin-bottom:var(--wp--preset--spacing--30)\"\/>\n\n\n\n<p><\/p>","protected":false},"excerpt":{"rendered":"<p>Bergen auf R\u00fcgen ist als zentral gelegene \u201eInselhauptstadt\u201c ein idealer Ausgangspunkt zur Erkundung der Insel. Besonders Fahrrad- oder Wandertouristen k\u00f6nnen von hier aus sch\u00f6ne Touren zu den vielf\u00e4ltigen kulturellen und landschaftlichen Sehensw\u00fcrdigkeiten R\u00fcgens starten. Eine autofreie Anreise ist bequem per Bahn m\u00f6glich. Der Bergener Bahnhof ist etwa 900 m Luftlinie entfernt, sodass man uns mit [&hellip;]<\/p>\n","protected":false},"author":1,"featured_media":0,"parent":0,"menu_order":4,"comment_status":"closed","ping_status":"closed","template":"","meta":{"footnotes":""},"class_list":["post-31","page","type-page","status-publish","hentry"],"_links":{"self":[{"href":"https:\/\/ottchen-und-use.de\/en\/wp-json\/wp\/v2\/pages\/31","targetHints":{"allow":["GET"]}}],"collection":[{"href":"https:\/\/ottchen-und-use.de\/en\/wp-json\/wp\/v2\/pages"}],"about":[{"href":"https:\/\/ottchen-und-use.de\/en\/wp-json\/wp\/v2\/types\/page"}],"author":[{"embeddable":true,"href":"https:\/\/ottchen-und-use.de\/en\/wp-json\/wp\/v2\/users\/1"}],"replies":[{"embeddable":true,"href":"https:\/\/ottchen-und-use.de\/en\/wp-json\/wp\/v2\/comments?post=31"}],"version-history":[{"count":33,"href":"https:\/\/ottchen-und-use.de\/en\/wp-json\/wp\/v2\/pages\/31\/revisions"}],"predecessor-version":[{"id":654,"href":"https:\/\/ottchen-und-use.de\/en\/wp-json\/wp\/v2\/pages\/31\/revisions\/654"}],"wp:attachment":[{"href":"https:\/\/ottchen-und-use.de\/en\/wp-json\/wp\/v2\/media?parent=31"}],"curies":[{"name":"wp","href":"https:\/\/api.w.org\/{rel}","templated":true}]}}