{"id":311,"date":"2024-07-06T16:35:33","date_gmt":"2024-07-06T14:35:33","guid":{"rendered":"https:\/\/ottchen-und-use.de\/?page_id=311"},"modified":"2025-10-13T17:38:56","modified_gmt":"2025-10-13T15:38:56","slug":"faq","status":"publish","type":"page","link":"https:\/\/ottchen-und-use.de\/en\/faq\/","title":{"rendered":"FAQ"},"content":{"rendered":"<p>On this page you'll find answers to frequently asked questions in the following categories:<\/p>\n\n\n\n<ul class=\"wp-block-list\">\n<li>House Rules<\/li>\n\n\n\n<li>Other Questions<\/li>\n<\/ul>\n\n\n\n<ul class=\"wp-block-list\"><\/ul>\n\n\n\n<p>If your question isn't listed here, feel free to send me an email.<\/p>\n\n\n\n<div style=\"height:50px\" aria-hidden=\"true\" class=\"wp-block-spacer\"><\/div>\n\n\n\n<h3 class=\"wp-block-heading\">House Rules<\/h3>\n\n\n\n<h4 class=\"wp-block-heading\">Is smoking allowed in the house?<\/h4>\n\n\n\n<p>We are a non-smoking house. Smoking is only permitted outdoors and cigarette butts must be disposed of in the designated containers.<\/p>\n\n\n\n<h4 class=\"wp-block-heading\">Can I wear my shoes inside the house?<\/h4>\n\n\n\n<p>To keep everything clean and cozy, we kindly ask our guests to take off their outdoor shoes and wear their own indoor slippers. Thank you!<\/p>\n\n\n\n<h4 class=\"wp-block-heading\">Are pets allowed?<\/h4>\n\n\n\n<p>As much as we love animals \u2013 unfortunately, pets are not allowed. This is out of consideration for guests with allergies and for hygiene reasons. We appreciate your understanding.<\/p>\n\n\n\n<div style=\"height:50px\" aria-hidden=\"true\" class=\"wp-block-spacer\"><\/div>\n\n\n\n<h3 class=\"wp-block-heading\">Other Questions<\/h3>\n\n\n\n<h4 class=\"wp-block-heading\">Is there Wi-Fi?<\/h4>\n\n\n\n<p>Yes, fast Wi-Fi is available throughout the house.<\/p>\n\n\n\n<h4 class=\"wp-block-heading\">How does waste separation work?<\/h4>\n\n\n\n<p>In addition to standard recycling, there is a compost heap in the garden that you\u2019re welcome to use.<\/p>\n\n\n\n<h4 class=\"wp-block-heading\">Is there a washing machine?<\/h4>\n\n\n\n<p>Yes, a washing machine is available. However, we kindly ask that you do not wash sandy beach towels, as sand can damage the machine.<\/p>\n\n\n\n<div style=\"height:var(--wp--preset--spacing--30)\" aria-hidden=\"true\" class=\"wp-block-spacer\"><\/div>","protected":false},"excerpt":{"rendered":"<p>Auf dieser Seite findest Du Antworten auf h\u00e4ufig gestellte Fragen zu folgenden Kategorien: Wenn Deine Frage hier nicht auftaucht, kannst Du mir gerne eine E-Mail schreiben. Hausregeln Ist Rauchen im Haus erlaubt? Wir sind ein Nichtraucherhaus. Rauchen ist nur im Au\u00dfenbereich gestattet und die Zigaretten sind bitte in den daf\u00fcr vorgesehenen Beh\u00e4ltern zu entsorgen. Darf [&hellip;]<\/p>\n","protected":false},"author":1,"featured_media":0,"parent":0,"menu_order":5,"comment_status":"closed","ping_status":"closed","template":"","meta":{"footnotes":""},"class_list":["post-311","page","type-page","status-publish","hentry"],"_links":{"self":[{"href":"https:\/\/ottchen-und-use.de\/en\/wp-json\/wp\/v2\/pages\/311","targetHints":{"allow":["GET"]}}],"collection":[{"href":"https:\/\/ottchen-und-use.de\/en\/wp-json\/wp\/v2\/pages"}],"about":[{"href":"https:\/\/ottchen-und-use.de\/en\/wp-json\/wp\/v2\/types\/page"}],"author":[{"embeddable":true,"href":"https:\/\/ottchen-und-use.de\/en\/wp-json\/wp\/v2\/users\/1"}],"replies":[{"embeddable":true,"href":"https:\/\/ottchen-und-use.de\/en\/wp-json\/wp\/v2\/comments?post=311"}],"version-history":[{"count":12,"href":"https:\/\/ottchen-und-use.de\/en\/wp-json\/wp\/v2\/pages\/311\/revisions"}],"predecessor-version":[{"id":643,"href":"https:\/\/ottchen-und-use.de\/en\/wp-json\/wp\/v2\/pages\/311\/revisions\/643"}],"wp:attachment":[{"href":"https:\/\/ottchen-und-use.de\/en\/wp-json\/wp\/v2\/media?parent=311"}],"curies":[{"name":"wp","href":"https:\/\/api.w.org\/{rel}","templated":true}]}}